
{"id":861,"date":"2024-04-03T12:25:31","date_gmt":"2024-04-03T16:25:31","guid":{"rendered":"http:\/\/centre-horizon.local\/?page_id=861"},"modified":"2024-04-03T13:14:51","modified_gmt":"2024-04-03T17:14:51","slug":"about","status":"publish","type":"page","link":"https:\/\/centre-multifonctionnel-horizon.ca\/en\/about\/","title":{"rendered":"About"},"content":{"rendered":"","protected":false},"excerpt":{"rendered":"<p> [&#8230;]<\/p>\n<p><a class=\"btn btn-secondary understrap-read-more-link\" href=\"https:\/\/centre-multifonctionnel-horizon.ca\/en\/about\/\">Read More&#8230;<span class=\"screen-reader-text\"> from About<\/span><\/a><\/p>\n","protected":false},"author":1,"featured_media":959,"parent":0,"menu_order":0,"comment_status":"closed","ping_status":"closed","template":"page-templates\/about.php","meta":{"_acf_changed":false,"inline_featured_image":false,"footnotes":""},"class_list":["post-861","page","type-page","status-publish","has-post-thumbnail","hentry"],"acf":[],"yoast_head":"<!-- This site is optimized with the Yoast SEO plugin v27.3 - https:\/\/yoast.com\/product\/yoast-seo-wordpress\/ -->\n<title>About - CENTRE MULTIFONCTIONNEL HORIZON<\/title>\n<meta name=\"description\" content=\"The success of the Centre multifonctionnel Horizon in L\u00e9ry relies on a dedicated staff and a committed spokesperson, actress Catherine B\u00e9rub\u00e9.\" \/>\n<meta name=\"robots\" content=\"index, follow, max-snippet:-1, max-image-preview:large, max-video-preview:-1\" \/>\n<link rel=\"canonical\" href=\"https:\/\/centre-multifonctionnel-horizon.ca\/en\/about\/\" \/>\n<meta property=\"og:locale\" content=\"en_US\" \/>\n<meta property=\"og:type\" content=\"article\" \/>\n<meta property=\"og:title\" content=\"About - CENTRE MULTIFONCTIONNEL HORIZON\" \/>\n<meta property=\"og:description\" content=\"The success of the Centre multifonctionnel Horizon in L\u00e9ry relies on a dedicated staff and a committed spokesperson, actress Catherine B\u00e9rub\u00e9.\" \/>\n<meta property=\"og:url\" content=\"https:\/\/centre-multifonctionnel-horizon.ca\/en\/about\/\" \/>\n<meta property=\"og:site_name\" content=\"CENTRE MULTIFONCTIONNEL HORIZON\" \/>\n<meta property=\"article:modified_time\" content=\"2024-04-03T17:14:51+00:00\" \/>\n<meta property=\"og:image\" content=\"https:\/\/centre-multifonctionnel-horizon.ca\/wp-content\/uploads\/2024\/09\/Image-26-scaled.jpg\" \/>\n\t<meta property=\"og:image:width\" content=\"1920\" \/>\n\t<meta property=\"og:image:height\" content=\"2560\" \/>\n\t<meta property=\"og:image:type\" content=\"image\/jpeg\" \/>\n<meta name=\"twitter:card\" content=\"summary_large_image\" \/>\n<meta name=\"twitter:label1\" content=\"Est. reading time\" \/>\n\t<meta name=\"twitter:data1\" content=\"1 minute\" \/>\n<script type=\"application\/ld+json\" class=\"yoast-schema-graph\">{\"@context\":\"https:\\\/\\\/schema.org\",\"@graph\":[{\"@type\":\"WebPage\",\"@id\":\"https:\\\/\\\/centre-multifonctionnel-horizon.ca\\\/en\\\/about\\\/\",\"url\":\"https:\\\/\\\/centre-multifonctionnel-horizon.ca\\\/en\\\/about\\\/\",\"name\":\"About - CENTRE MULTIFONCTIONNEL HORIZON\",\"isPartOf\":{\"@id\":\"https:\\\/\\\/centre-multifonctionnel-horizon.ca\\\/en\\\/#website\"},\"primaryImageOfPage\":{\"@id\":\"https:\\\/\\\/centre-multifonctionnel-horizon.ca\\\/en\\\/about\\\/#primaryimage\"},\"image\":{\"@id\":\"https:\\\/\\\/centre-multifonctionnel-horizon.ca\\\/en\\\/about\\\/#primaryimage\"},\"thumbnailUrl\":\"https:\\\/\\\/centre-multifonctionnel-horizon.ca\\\/wp-content\\\/uploads\\\/2024\\\/05\\\/Centre-multifonctionnel-horizon-7.jpg\",\"datePublished\":\"2024-04-03T16:25:31+00:00\",\"dateModified\":\"2024-04-03T17:14:51+00:00\",\"description\":\"The success of the Centre multifonctionnel Horizon in L\u00e9ry relies on a dedicated staff and a committed spokesperson, actress Catherine B\u00e9rub\u00e9.\",\"breadcrumb\":{\"@id\":\"https:\\\/\\\/centre-multifonctionnel-horizon.ca\\\/en\\\/about\\\/#breadcrumb\"},\"inLanguage\":\"en-US\",\"potentialAction\":[{\"@type\":\"ReadAction\",\"target\":[\"https:\\\/\\\/centre-multifonctionnel-horizon.ca\\\/en\\\/about\\\/\"]}]},{\"@type\":\"ImageObject\",\"inLanguage\":\"en-US\",\"@id\":\"https:\\\/\\\/centre-multifonctionnel-horizon.ca\\\/en\\\/about\\\/#primaryimage\",\"url\":\"https:\\\/\\\/centre-multifonctionnel-horizon.ca\\\/wp-content\\\/uploads\\\/2024\\\/05\\\/Centre-multifonctionnel-horizon-7.jpg\",\"contentUrl\":\"https:\\\/\\\/centre-multifonctionnel-horizon.ca\\\/wp-content\\\/uploads\\\/2024\\\/05\\\/Centre-multifonctionnel-horizon-7.jpg\",\"width\":1200,\"height\":652},{\"@type\":\"BreadcrumbList\",\"@id\":\"https:\\\/\\\/centre-multifonctionnel-horizon.ca\\\/en\\\/about\\\/#breadcrumb\",\"itemListElement\":[{\"@type\":\"ListItem\",\"position\":1,\"name\":\"Accueil\",\"item\":\"https:\\\/\\\/centre-multifonctionnel-horizon.ca\\\/en\\\/\"},{\"@type\":\"ListItem\",\"position\":2,\"name\":\"About\"}]},{\"@type\":\"WebSite\",\"@id\":\"https:\\\/\\\/centre-multifonctionnel-horizon.ca\\\/en\\\/#website\",\"url\":\"https:\\\/\\\/centre-multifonctionnel-horizon.ca\\\/en\\\/\",\"name\":\"CENTRE MULTIFONCTIONNEL HORIZON\",\"description\":\"\",\"publisher\":{\"@id\":\"https:\\\/\\\/centre-multifonctionnel-horizon.ca\\\/en\\\/#organization\"},\"potentialAction\":[{\"@type\":\"SearchAction\",\"target\":{\"@type\":\"EntryPoint\",\"urlTemplate\":\"https:\\\/\\\/centre-multifonctionnel-horizon.ca\\\/en\\\/?s={search_term_string}\"},\"query-input\":{\"@type\":\"PropertyValueSpecification\",\"valueRequired\":true,\"valueName\":\"search_term_string\"}}],\"inLanguage\":\"en-US\"},{\"@type\":\"Organization\",\"@id\":\"https:\\\/\\\/centre-multifonctionnel-horizon.ca\\\/en\\\/#organization\",\"name\":\"CENTRE MULTIFONCTIONNEL HORIZON\",\"url\":\"https:\\\/\\\/centre-multifonctionnel-horizon.ca\\\/en\\\/\",\"logo\":{\"@type\":\"ImageObject\",\"inLanguage\":\"en-US\",\"@id\":\"https:\\\/\\\/centre-multifonctionnel-horizon.ca\\\/en\\\/#\\\/schema\\\/logo\\\/image\\\/\",\"url\":\"https:\\\/\\\/centre-multifonctionnel-horizon.ca\\\/wp-content\\\/uploads\\\/2026\\\/01\\\/CH-logo-1024.svg\",\"contentUrl\":\"https:\\\/\\\/centre-multifonctionnel-horizon.ca\\\/wp-content\\\/uploads\\\/2026\\\/01\\\/CH-logo-1024.svg\",\"caption\":\"CENTRE MULTIFONCTIONNEL HORIZON\"},\"image\":{\"@id\":\"https:\\\/\\\/centre-multifonctionnel-horizon.ca\\\/en\\\/#\\\/schema\\\/logo\\\/image\\\/\"}}]}<\/script>\n<!-- \/ Yoast SEO plugin. -->","yoast_head_json":{"title":"About - CENTRE MULTIFONCTIONNEL HORIZON","description":"The success of the Centre multifonctionnel Horizon in L\u00e9ry relies on a dedicated staff and a committed spokesperson, actress Catherine B\u00e9rub\u00e9.","robots":{"index":"index","follow":"follow","max-snippet":"max-snippet:-1","max-image-preview":"max-image-preview:large","max-video-preview":"max-video-preview:-1"},"canonical":"https:\/\/centre-multifonctionnel-horizon.ca\/en\/about\/","og_locale":"en_US","og_type":"article","og_title":"About - CENTRE MULTIFONCTIONNEL HORIZON","og_description":"The success of the Centre multifonctionnel Horizon in L\u00e9ry relies on a dedicated staff and a committed spokesperson, actress Catherine B\u00e9rub\u00e9.","og_url":"https:\/\/centre-multifonctionnel-horizon.ca\/en\/about\/","og_site_name":"CENTRE MULTIFONCTIONNEL HORIZON","article_modified_time":"2024-04-03T17:14:51+00:00","og_image":[{"width":1920,"height":2560,"url":"https:\/\/centre-multifonctionnel-horizon.ca\/wp-content\/uploads\/2024\/09\/Image-26-scaled.jpg","type":"image\/jpeg"}],"twitter_card":"summary_large_image","twitter_misc":{"Est. reading time":"1 minute"},"schema":{"@context":"https:\/\/schema.org","@graph":[{"@type":"WebPage","@id":"https:\/\/centre-multifonctionnel-horizon.ca\/en\/about\/","url":"https:\/\/centre-multifonctionnel-horizon.ca\/en\/about\/","name":"About - CENTRE MULTIFONCTIONNEL HORIZON","isPartOf":{"@id":"https:\/\/centre-multifonctionnel-horizon.ca\/en\/#website"},"primaryImageOfPage":{"@id":"https:\/\/centre-multifonctionnel-horizon.ca\/en\/about\/#primaryimage"},"image":{"@id":"https:\/\/centre-multifonctionnel-horizon.ca\/en\/about\/#primaryimage"},"thumbnailUrl":"https:\/\/centre-multifonctionnel-horizon.ca\/wp-content\/uploads\/2024\/05\/Centre-multifonctionnel-horizon-7.jpg","datePublished":"2024-04-03T16:25:31+00:00","dateModified":"2024-04-03T17:14:51+00:00","description":"The success of the Centre multifonctionnel Horizon in L\u00e9ry relies on a dedicated staff and a committed spokesperson, actress Catherine B\u00e9rub\u00e9.","breadcrumb":{"@id":"https:\/\/centre-multifonctionnel-horizon.ca\/en\/about\/#breadcrumb"},"inLanguage":"en-US","potentialAction":[{"@type":"ReadAction","target":["https:\/\/centre-multifonctionnel-horizon.ca\/en\/about\/"]}]},{"@type":"ImageObject","inLanguage":"en-US","@id":"https:\/\/centre-multifonctionnel-horizon.ca\/en\/about\/#primaryimage","url":"https:\/\/centre-multifonctionnel-horizon.ca\/wp-content\/uploads\/2024\/05\/Centre-multifonctionnel-horizon-7.jpg","contentUrl":"https:\/\/centre-multifonctionnel-horizon.ca\/wp-content\/uploads\/2024\/05\/Centre-multifonctionnel-horizon-7.jpg","width":1200,"height":652},{"@type":"BreadcrumbList","@id":"https:\/\/centre-multifonctionnel-horizon.ca\/en\/about\/#breadcrumb","itemListElement":[{"@type":"ListItem","position":1,"name":"Accueil","item":"https:\/\/centre-multifonctionnel-horizon.ca\/en\/"},{"@type":"ListItem","position":2,"name":"About"}]},{"@type":"WebSite","@id":"https:\/\/centre-multifonctionnel-horizon.ca\/en\/#website","url":"https:\/\/centre-multifonctionnel-horizon.ca\/en\/","name":"CENTRE MULTIFONCTIONNEL HORIZON","description":"","publisher":{"@id":"https:\/\/centre-multifonctionnel-horizon.ca\/en\/#organization"},"potentialAction":[{"@type":"SearchAction","target":{"@type":"EntryPoint","urlTemplate":"https:\/\/centre-multifonctionnel-horizon.ca\/en\/?s={search_term_string}"},"query-input":{"@type":"PropertyValueSpecification","valueRequired":true,"valueName":"search_term_string"}}],"inLanguage":"en-US"},{"@type":"Organization","@id":"https:\/\/centre-multifonctionnel-horizon.ca\/en\/#organization","name":"CENTRE MULTIFONCTIONNEL HORIZON","url":"https:\/\/centre-multifonctionnel-horizon.ca\/en\/","logo":{"@type":"ImageObject","inLanguage":"en-US","@id":"https:\/\/centre-multifonctionnel-horizon.ca\/en\/#\/schema\/logo\/image\/","url":"https:\/\/centre-multifonctionnel-horizon.ca\/wp-content\/uploads\/2026\/01\/CH-logo-1024.svg","contentUrl":"https:\/\/centre-multifonctionnel-horizon.ca\/wp-content\/uploads\/2026\/01\/CH-logo-1024.svg","caption":"CENTRE MULTIFONCTIONNEL HORIZON"},"image":{"@id":"https:\/\/centre-multifonctionnel-horizon.ca\/en\/#\/schema\/logo\/image\/"}}]}},"_links":{"self":[{"href":"https:\/\/centre-multifonctionnel-horizon.ca\/en\/wp-json\/wp\/v2\/pages\/861","targetHints":{"allow":["GET"]}}],"collection":[{"href":"https:\/\/centre-multifonctionnel-horizon.ca\/en\/wp-json\/wp\/v2\/pages"}],"about":[{"href":"https:\/\/centre-multifonctionnel-horizon.ca\/en\/wp-json\/wp\/v2\/types\/page"}],"author":[{"embeddable":true,"href":"https:\/\/centre-multifonctionnel-horizon.ca\/en\/wp-json\/wp\/v2\/users\/1"}],"replies":[{"embeddable":true,"href":"https:\/\/centre-multifonctionnel-horizon.ca\/en\/wp-json\/wp\/v2\/comments?post=861"}],"version-history":[{"count":0,"href":"https:\/\/centre-multifonctionnel-horizon.ca\/en\/wp-json\/wp\/v2\/pages\/861\/revisions"}],"wp:featuredmedia":[{"embeddable":true,"href":"https:\/\/centre-multifonctionnel-horizon.ca\/en\/wp-json\/wp\/v2\/media\/959"}],"wp:attachment":[{"href":"https:\/\/centre-multifonctionnel-horizon.ca\/en\/wp-json\/wp\/v2\/media?parent=861"}],"curies":[{"name":"wp","href":"https:\/\/api.w.org\/{rel}","templated":true}]}}